{"id":127,"date":"2010-12-07T22:50:05","date_gmt":"2010-12-07T22:50:05","guid":{"rendered":"http:\/\/localhost\/wordpress\/?page_id=127"},"modified":"2021-01-05T20:39:40","modified_gmt":"2021-01-05T20:39:40","slug":"mitglied-werden","status":"publish","type":"page","link":"https:\/\/gruene-hofheim.de\/?page_id=127","title":{"rendered":"Mitglied werden"},"content":{"rendered":"<h1>Herzlich Willkommen bei<\/h1>\n<h1>B\u00dcNDNIS 90\/DIE GR\u00dcNEN!<\/h1>\n<p>Wir freuen uns, dass Sie\/Du bei uns mitmachen m\u00f6chten, denn unsere Partei lebt von Menschen wie Ihnen, die sich engagieren und einmischen. Immer mehr B\u00fcrgerinnen und B\u00fcrger entscheiden sich, mit ihrer Parteimitgliedschaft gr\u00fcne Politik zu unterst\u00fctzen. Wir freuen uns, dass auch Sie\/Du diesen Schritt gehen wollen. Bei uns finden Sie viele Mitstreiterinnen und Mitstreiter, mit denen Sie sich f\u00fcr unsere gemeinsamen Ziele &#8211; Umweltschutz, Gerechtigkeit, Freiheit, Demokratie, Frieden und Menschenrechte &#8211; einsetzen k\u00f6nnen. Wir w\u00fcnschen Ihnen\/Dir dabei viel Erfolg und danken Ihnen\/Dir f\u00fcr Ihr\/Dein Engagement.<\/p>\n<h2>Das Beitrittsformular<\/h2>\n<p>Sie werden \/ Du wirst auf die Seite des Bundesverbands weitergeleitet.<\/p>\n<p><a href=\"https:\/\/www.gruene.de\/mitglied-werden\" target=\"_blank\" rel=\"noopener noreferrer\">https:\/\/www.gruene.de\/mitglied-werden<\/a><\/p>\n<p>Hier gibt es auch ein Formular zu Ausdrucken.<\/p>\n<p>Sollte es sonstige Fragen zur Mitgliedschaft geben k\u00f6nnen Sie\/kannst Du uns gerne Kontaktieren\u00a0<a href=\"https:\/\/gruene-hofheim.de\/?page_id=104\">Kontakt<\/a><\/p>\n<h1>Gr\u00fcne Jugend<\/h1>\n<p>F\u00fcr Interessierte Jugendliche gibt es auch noch die M\u00f6glichkeit bei der Gr\u00fcnen Jugend Mitglied zu werden<\/p>\n<p>mehr unter <a href=\"http:\/\/www.gj-mtk.de\">http:\/\/www.gj-mtk.de<\/a><\/p>\n","protected":false},"excerpt":{"rendered":"<p>Herzlich Willkommen bei B\u00dcNDNIS 90\/DIE GR\u00dcNEN! Wir freuen uns, dass Sie\/Du bei uns mitmachen m\u00f6chten, denn unsere Partei lebt von Menschen wie Ihnen, die sich engagieren und einmischen. Immer mehr [&hellip;]<\/p>\n","protected":false},"author":1,"featured_media":0,"parent":0,"menu_order":0,"comment_status":"closed","ping_status":"closed","template":"","meta":{"footnotes":""},"class_list":["post-127","page","type-page","status-publish","hentry"],"_links":{"self":[{"href":"https:\/\/gruene-hofheim.de\/index.php?rest_route=\/wp\/v2\/pages\/127","targetHints":{"allow":["GET"]}}],"collection":[{"href":"https:\/\/gruene-hofheim.de\/index.php?rest_route=\/wp\/v2\/pages"}],"about":[{"href":"https:\/\/gruene-hofheim.de\/index.php?rest_route=\/wp\/v2\/types\/page"}],"author":[{"embeddable":true,"href":"https:\/\/gruene-hofheim.de\/index.php?rest_route=\/wp\/v2\/users\/1"}],"replies":[{"embeddable":true,"href":"https:\/\/gruene-hofheim.de\/index.php?rest_route=%2Fwp%2Fv2%2Fcomments&post=127"}],"version-history":[{"count":5,"href":"https:\/\/gruene-hofheim.de\/index.php?rest_route=\/wp\/v2\/pages\/127\/revisions"}],"predecessor-version":[{"id":2472,"href":"https:\/\/gruene-hofheim.de\/index.php?rest_route=\/wp\/v2\/pages\/127\/revisions\/2472"}],"wp:attachment":[{"href":"https:\/\/gruene-hofheim.de\/index.php?rest_route=%2Fwp%2Fv2%2Fmedia&parent=127"}],"curies":[{"name":"wp","href":"https:\/\/api.w.org\/{rel}","templated":true}]}}