{"id":1522,"date":"2015-11-18T18:18:25","date_gmt":"2015-11-18T18:18:25","guid":{"rendered":"http:\/\/gruene-hofheim.de\/?page_id=1522"},"modified":"2021-03-21T20:40:23","modified_gmt":"2021-03-21T20:40:23","slug":"kw16-wallau","status":"publish","type":"page","link":"https:\/\/gruene-hofheim.de\/?page_id=1522","title":{"rendered":"Ortsbeirat Wallau"},"content":{"rendered":"<table style=\"border-collapse: collapse; width: 100%; height: 88px;\">\n<tbody>\n<tr style=\"height: 87px;\">\n<td style=\"width: 5.7471%; text-align: center; height: 88px;\"><strong>1<\/strong><\/td>\n<td style=\"width: 20.4021%; height: 88px;\"><img loading=\"lazy\" decoding=\"async\" class=\"alignnone size-full wp-image-2613\" src=\"https:\/\/gruene-hofheim.de\/wp-content\/uploads\/2021\/02\/wal-michael-paulus.jpg\" alt=\"\" width=\"1026\" height=\"1368\" srcset=\"https:\/\/gruene-hofheim.de\/wp-content\/uploads\/2021\/02\/wal-michael-paulus.jpg 1026w, https:\/\/gruene-hofheim.de\/wp-content\/uploads\/2021\/02\/wal-michael-paulus-400x533.jpg 400w, https:\/\/gruene-hofheim.de\/wp-content\/uploads\/2021\/02\/wal-michael-paulus-800x1067.jpg 800w, https:\/\/gruene-hofheim.de\/wp-content\/uploads\/2021\/02\/wal-michael-paulus-768x1024.jpg 768w, https:\/\/gruene-hofheim.de\/wp-content\/uploads\/2021\/02\/wal-michael-paulus-113x150.jpg 113w\" sizes=\"auto, (max-width: 1026px) 100vw, 1026px\" \/><\/td>\n<td style=\"width: 73.8506%; height: 88px;\">\n<div class=\"page\" title=\"Page 11\">\n<div class=\"layoutArea\">\n<div class=\"column\">\n<p><strong>Michael Paulus<br \/><\/strong><span style=\"font-size: inherit; font-family: inherit; font-weight: inherit;\">Dipl.-Physiker<\/span><\/p>\n<\/div>\n<\/div>\n<\/div>\n<\/td>\n<\/tr>\n<\/tbody>\n<\/table>\n<h1>Programm 2021-2026<\/h1>\n<h2>F\u00fcnf Punkte f\u00fcr Wallau<\/h2>\n<ul>\n<li><strong>Standort alte L\u00e4ndcheshalle:<\/strong> Wir wollen bezahlbares Wohnen, am Standort der ehemaligen L\u00e4ndcheshalle soll ein Lebensmittelpunkt f\u00fcr alle Generationen entstehen.<\/li>\n<li><strong>Haltepunkt Wallau:<\/strong> Wir begr\u00fc\u00dfen uneingeschr\u00e4nkt die l\u00e4ngst \u00fcberf\u00e4llige Anbindung von Wallau an das Schienennetz. Wir m\u00fcssen jedoch darauf achten, dass die Auswirkungen auf die Umwelt ebenso wie der Fl\u00e4chenverbrauch auf das minimal Erforderliche beschr\u00e4nkt werden.<\/li>\n<li><strong>Erhalt der Nahversorgung:<\/strong> Wir finden es wichtig, dass Gesch\u00e4fte, Post, Bank, \u00c4rzte und Apotheken weiterhin zu Fu\u00df oder mit dem Rad erreichbar sind. Hier setzen wir uns deshalb daf\u00fcr ein, diese Nahversorgung zu erhalten oder gar zu verbessern.<\/li>\n<li><strong>Kurze Wege ohne Auto:<\/strong> Durch geeignete, schnell umsetzbare Ma\u00dfnahmen m\u00f6chten wir f\u00fcr den Rad- und Fu\u00dfg\u00e4ngerverkehr Erleichterungen schaffen und Hindernisse beseitigen.<br \/>Ferner w\u00fcnschen wir uns den Ausbau der Wege zu den Nachbarorten und Verbesserungen bei der Instandhaltung.<\/li>\n<li><strong>Mehr Gr\u00fcn f\u00fcr Wallau:<\/strong> Der Anteil betonierter, gepflasterter und geschotterter Fl\u00e4chen nimmt stetig zu, nicht nur im \u00f6ffentlichen, sondern auch und gerade im privaten Bereich. Mit einem Beratungsangebot, das Verbraucher, Handel und Handwerk einschlie\u00dft, wollen wir erreichen, dass unser sch\u00f6ner Ort wieder etwas gr\u00fcner und lebenswerter wird.<\/li>\n<\/ul>\n\n","protected":false},"excerpt":{"rendered":"<p>1 Michael PaulusDipl.-Physiker Programm 2021-2026 F\u00fcnf Punkte f\u00fcr Wallau Standort alte L\u00e4ndcheshalle: Wir wollen bezahlbares Wohnen, am Standort der ehemaligen L\u00e4ndcheshalle soll ein Lebensmittelpunkt f\u00fcr alle Generationen entstehen. Haltepunkt Wallau: [&hellip;]<\/p>\n","protected":false},"author":1,"featured_media":0,"parent":0,"menu_order":0,"comment_status":"closed","ping_status":"closed","template":"","meta":{"footnotes":""},"class_list":["post-1522","page","type-page","status-publish","hentry"],"_links":{"self":[{"href":"https:\/\/gruene-hofheim.de\/index.php?rest_route=\/wp\/v2\/pages\/1522","targetHints":{"allow":["GET"]}}],"collection":[{"href":"https:\/\/gruene-hofheim.de\/index.php?rest_route=\/wp\/v2\/pages"}],"about":[{"href":"https:\/\/gruene-hofheim.de\/index.php?rest_route=\/wp\/v2\/types\/page"}],"author":[{"embeddable":true,"href":"https:\/\/gruene-hofheim.de\/index.php?rest_route=\/wp\/v2\/users\/1"}],"replies":[{"embeddable":true,"href":"https:\/\/gruene-hofheim.de\/index.php?rest_route=%2Fwp%2Fv2%2Fcomments&post=1522"}],"version-history":[{"count":13,"href":"https:\/\/gruene-hofheim.de\/index.php?rest_route=\/wp\/v2\/pages\/1522\/revisions"}],"predecessor-version":[{"id":2666,"href":"https:\/\/gruene-hofheim.de\/index.php?rest_route=\/wp\/v2\/pages\/1522\/revisions\/2666"}],"wp:attachment":[{"href":"https:\/\/gruene-hofheim.de\/index.php?rest_route=%2Fwp%2Fv2%2Fmedia&parent=1522"}],"curies":[{"name":"wp","href":"https:\/\/api.w.org\/{rel}","templated":true}]}}