{"id":3174,"date":"2025-11-04T19:00:56","date_gmt":"2025-11-04T19:00:56","guid":{"rendered":"https:\/\/gruene-hofheim.de\/?page_id=3174"},"modified":"2025-11-04T19:01:13","modified_gmt":"2025-11-04T19:01:13","slug":"stadtleben-mensch-im-mittelpunkt","status":"publish","type":"page","link":"https:\/\/gruene-hofheim.de\/?page_id=3174","title":{"rendered":"STADTLEBEN &#8211; MENSCH IM MITTELPUNKT"},"content":{"rendered":"\n<h2 class=\"wp-block-heading\">Hofheim &#8211; Eine Stadt f\u00fcr alle<\/h2>\n\n\n\n<p class=\"wp-block-heading\">B\u00dcNDNIS 90\/DIE GR\u00dcNEN setzen sich f\u00fcr eine nachhaltige, zukunftsf\u00e4hige Stadtentwicklung ein, wollen Bildung und soziale Gerechtigkeit, Teilhabe und Vielfalt f\u00fcr ein solidarisches Miteinander und mehr Lebensqualit\u00e4t f\u00fcr alle Generationen f\u00f6rdern.<\/p>\n\n\n\n<h2 class=\"wp-block-heading\">Kultur, Vereine, Bildung<\/h2>\n\n\n\n<p><strong>Kultur soll f\u00fcr alle zug\u00e4nglich und vielf\u00e4ltig sein.<\/strong><br \/>Hofheim ist eine sehr lebendige Kulturstadt mit gro\u00dfen Kultureinrichtungen wie Museum, B\u00fccherei und Stadtarchiv. Die Hofheimer Gr\u00fcnen haben sich immer daf\u00fcr eingesetzt, ihren Bestand zu sichern, auszubauen und konzeptionell zu erweitern. Auch in Zeiten knapper Kassen ist ihre Finanzierung eine nachhaltige Investition in die Zukunft. Diese Institutionen sollen frei zug\u00e4nglich f\u00fcr alle sein. <br \/>Wir freuen uns, dass das Hofheimer Kino wieder ge\u00f6ffnet wurde, und werden uns f\u00fcr seinen Erhalt einsetzen, genauso wie f\u00fcr die Suche nach erweiterten R\u00e4umlichkeiten f\u00fcr die Musikschule. Auch der G\u00fcterschuppen samt Jazzkeller sollte aus unserer Sicht als Hofheimer Kulturdenkmal im st\u00e4dtischen Besitz bleiben.<\/p>\n\n\n\n<h2 class=\"wp-block-heading\">Vereine st\u00e4rken &#8211; Engagement f\u00f6rdern<\/h2>\n\n\n\n<p><strong>Vereine <\/strong>sind Orte der Begegnung und Teilhabe. Eine gro\u00dfe Zahl an Kulturvereinen, lokalen Initiativen und Kulturgruppen bereichert mit ihrem vielf\u00e4ltigen und alternativen Angebot die Hofheimer Kulturszene. Sie gilt es bei der Organisation von Veranstaltungen und Festen von st\u00e4dtischer Seite logistisch und finanziell zu unterst\u00fctzen. Dabei sollen verst\u00e4rkt Standorte in den Stadtteilen einbezogen werden.<\/p>\n\n\n\n<p><strong>Sport<\/strong> vermittelt \u00fcber den Gesundheitsaspekt hinaus in vielf\u00e4ltiger Weise demokratische Werte wie Respekt, Fair Play und Teamgeist und f\u00f6rdert insbesondere bei Kindern und Jugendlichen soziale und interkulturelle Kompetenzen. Sportvereine \u00fcbernehmen damit wesentliche gesellschaftliche Aufgaben und leisten einen unersetzlichen Beitrag zum sozialen Zusammenhalt. Ihr ehrenamtliches Engagement verdient eine hohe Wertsch\u00e4tzung und Anerkennung. Es braucht kommunale Unterst\u00fctzung bei der Instandhaltung, bei Modernisierung und Erweiterung der Sportst\u00e4tten sowie bei der Organisation von Veranstaltungen. Der Sportentwicklungsplan bietet eine gute Grundlage f\u00fcr eine zukunftsf\u00e4hige Ma\u00dfnahmenplanung. Die sukzessive Umsetzung muss in enger Abstimmung mit den Sportvereinen und Ortsbeir\u00e4ten erfolgen. F\u00fcr ehrenamtliches Engagement braucht es viel Anerkennung, eine zuverl\u00e4ssige F\u00f6rderung und den Abbau von B\u00fcrokratie. Wir w\u00fcnschen kommunale Unterst\u00fctzung beim Erhalt und Ausbau einer barrierefreien Infrastruktur.<\/p>\n\n\n\n<h2 class=\"wp-block-heading\">Kitas &#8211; Kitapl\u00e4tze und gute Bildung f\u00fcr alle<\/h2>\n\n\n\n<p>Fr\u00fche Bildung ist der Schl\u00fcssel zu mehr Chancengerechtigkeit und eine nachhaltige Investition in unser aller Zukunft. Eltern brauchen mehr denn je zuverl\u00e4ssige Betreuungsangebote, um Familie und Beruf vereinbaren zu k\u00f6nnen. Deshalb muss die Umsetzung des Rechtsanspruchs auf einen Kitaplatz absolute Priorit\u00e4t bekommen. Die Rahmenbedingungen f\u00fcr eine hohe Bildungsqualit\u00e4t in den Kitas m\u00fcssen gesichert und punktuell verbessert werden.<\/p>\n<p>Die Hofheimer Gr\u00fcnen setzen sich ein f\u00fcr:<\/p>\n\n\n\n<ul class=\"wp-block-list\">\n<li>eine zuverl\u00e4ssige Planung und einen bedarfsgerechten Ausbau von Kitapl\u00e4tzen<\/li>\n\n\n\n<li>ein f\u00fcr alle Beteiligten unkompliziertes und transparentes Anmeldeverfahren<\/li>\n\n\n\n<li>eine verl\u00e4ssliche Finanzierung und F\u00f6rderung aller Kitas in Hofheim<\/li>\n\n\n\n<li>Investitionen in Instandhaltung, Modernisierung (Klimaanpassung) und eine gute Ausstattung<\/li>\n\n\n\n<li>kleinere Gruppen, die mehr Zeit f\u00fcr das Kind und Inklusion erm\u00f6glichen<\/li>\n\n\n\n<li>attraktive Arbeitspl\u00e4tze, um Fachkr\u00e4fte zu halten und neue zu gewinnen: Entlastung durch die Einstellung von Zusatzkr\u00e4ften, Jobtickets und bezahlbare Wohnungsangebote<\/li>\n\n\n\n<li>einen regelm\u00e4\u00dfigen Austausch zwischen Kita-Leitungen, Kita-Tr\u00e4gern und Vertreterinnen aus Politik und Verwaltung, um Entscheidungsprozesse gemeinsam voranzutreiben<\/li>\n\n\n\n<li>die zeitnahe Einrichtung des Stadtelternbeirates, um auch Eltern ein Mitspracherecht zu gew\u00e4hren.<\/li>\n<\/ul>\n\n\n\n<h2 class=\"wp-block-heading\">Kinder und Jugendliche &#8211; ernstnehmen und beteiligen<\/h2>\n\n\n\n<p>Kinder und Jugendliche m\u00fcssen mit allen Entscheidungen, die wir heute treffen, in Zukunft leben. Deshalb m\u00fcssen die Bed\u00fcrfnisse und Interessen der Kinder und Jugendlichen mehr in den Blick genommen werden und deshalb sollen Kinder und Jugendliche auch an allen Planungen, die sie betreffen, beteiligt werden. Wichtig ist dies besonders bei der Schaffung und Gestaltung von kinder-und jugendfreundlichen \u00f6ffentlichen Pl\u00e4tzen und R\u00e4umen, beim Klimaschutz und beim Verkehr. Freizeit-, Sport- und kulturelle Angebote m\u00fcssen f\u00fcr alle Kinder und Jugendlichen gleichberechtigt und frei zug\u00e4nglich sein.<br><br>Wir Hofheimer Gr\u00fcnen wollen:<\/p>\n\n\n\n<ul class=\"wp-block-list\">\n<li>Jugendtreffs auch wieder in den Stadtteilen schaffen<\/li>\n\n\n\n<li>die offene Kinder- und Jugendarbeit ausbauen, mobile Angebote wie das Spielmobil erweitern<\/li>\n\n\n\n<li>die Ferienspiele weiterf\u00fchren und eine Plattform f\u00fcr Ferienangebote f\u00fcr Kinder und Jugendliche einrichten<\/li>\n\n\n\n<li>einen Ferien-\/Kultur-Pass f\u00fcr alle Kinder und Jugendlichen einf\u00fchren<\/li>\n\n\n\n<li>Jugendliche an kommunalen Entscheidungsprozessen aktiv beteiligen &#8211; durch die Weiterf\u00fchrung und Verstetigung der Kinder-und Sch\u00fclerparlamente in Form eines verbindlichen Jugendparlamentes oder Jugendbeirates mit einem Mitspracherecht in den politischen Gremien<\/li>\n\n\n\n<li>Pr\u00e4ventionsangebote an Kitas und Schulen unterst\u00fctzen zur Aufkl\u00e4rung \u00fcber Gesundheit, Gewalt, Sucht und digitale Risiken und niedrigschwellige Hilfsangebote<\/li>\n\n\n\n<li>Projekte zur Umweltbildung an Kitas und Schulen und im au\u00dferschulischen Bereich f\u00f6rdern<\/li>\n<\/ul>\n\n\n\n<h2 class=\"wp-block-heading\">Hofheim &#8211; eine altersfreundliche Stadt<\/h2>\n\n\n\n<p>Die meisten Menschen m\u00f6chten in ihrer vertrauten Umgebung alt werden und so lange wie m\u00f6glich selbstbestimmt leben. Daf\u00fcr brauchen sie Unterst\u00fctzung. Besonders die Kommunen m\u00fcssen sich dem demografischen Wandel und den Herausforderungen einer \u00e4lter werdenden Gesellschaft stellen. Von einer altersfreundlichen Stadt profitieren alle, Jung und Alt, vor allem in den Bereichen Infrastruktur, Barrierefreiheit und Mobilit\u00e4t. <br>Handlungsbedarf sehen wir in Hofheim vor allem in den folgenden Bereichen:<\/p>\n\n\n\n<ul class=\"wp-block-list\">\n<li>Beratung und Unterst\u00fctzung beim barrierefreien Umbau von Wohnraum<\/li>\n\n\n\n<li>Schaffung und F\u00f6rderung von seniorengerechten und bezahlbaren Wohnungen und Wohnformen mit neuen Konzepten wie Betreutem Wohnen und generations\u00fcbergreifenden Wohngemeinschaften<\/li>\n\n\n\n<li>Einrichtung von Tagespflegepl\u00e4tzen<\/li>\n\n\n\n<li>Einrichtung von wohnortnahen Pflegepl\u00e4tzen auch f\u00fcr Demenzkranke<\/li>\n\n\n\n<li>Sicherung einer guten \u00e4rztlichen Versorgung<\/li>\n\n\n\n<li>barrierefreie und altersfreundliche Gestaltung des \u00f6ffentlichen Raums mit mehr geeigneten Sitzm\u00f6glichkeiten, Trinkbrunnen und schattigen Pl\u00e4tzen<\/li>\n\n\n\n<li>Verbesserung der Verkehrsinfrastruktur f\u00fcr eine barrierefreie und selbstbestimmte Mobilit\u00e4t<\/li>\n<\/ul>\n\n\n\n<p>Im <strong>Seniorenbeirat<\/strong> und in der <strong>Nachbarschaftshilfe<\/strong> hat Hofheim bereits aktive und engagierte Partner, die sich um die Belange von \u00e4lteren Menschen k\u00fcmmern und deren Interessen vertreten. Diese Institutionen sollten verst\u00e4rkt unterst\u00fctzt und in politische Entscheidungsprozesse eingebunden werden. Auch das stark nachgefragte Hilfsangebot der<strong> st\u00e4dtischen Seniorenberatungsstelle<\/strong> muss erhalten und bei Bedarf aufgestockt werden.<\/p>\n\n\n\n<h2 class=\"wp-block-heading\">Inklusion<\/h2>\n\n\n\n<p>Barrierefreiheit ist die Grundlage einer inklusiven Stadt. B\u00dcNDNIS 90\/DIE GR\u00dcNEN meinen damit den sehr weit gefassten Begriff der Barrierefreiheit im Sinne der UN-Behindertenrechtskonvention. Es geht nicht nur um r\u00e4umliche Barrierefreiheit, sondern auch darum, Informationen und Dienste leicht zug\u00e4nglich zu machen. Die hier bestehenden Hindernisse wollen wir konsequent suchen und beseitigen. Wertvolle Unterst\u00fctzung bekommen wir hierbei vom Hofheimer Inklusionsbeirat getreu dessen Motto \u201eNichts \u00fcber uns ohne uns!\u201c<br><br>Wir Hofheimer Gr\u00fcnen wollen:<\/p>\n\n\n\n<ul class=\"wp-block-list\">\n<li>die Stadtentwicklung inklusiv gestalten: Die Perspektiven von Menschen mit Behinderung m\u00fcssen fr\u00fchzeitig in Planungen einflie\u00dfen. Der Inklusionsbeirat wird verbindlich in st\u00e4dtische Beteiligungsverfahren eingebunden.<\/li>\n\n\n\n<li>inklusive Mobilit\u00e4t erm\u00f6glichen: \u00d6ffentlicher Nahverkehr muss f\u00fcr alle zug\u00e4nglich sein. Wir fordern barrierefreie Haltestellen und sichere Erreichbarkeit \u2013 auch f\u00fcr Menschen mit Rollstuhl, Rollator oder Kinderwagen, aber auch Barrierefreiheit bei der Fahrgastinformation und dem Vertrieb der Fahrkarten. Auch Menschen, die das Internet \u2013 aus welchen Gr\u00fcnden auch immer \u2013 nicht nutzen, m\u00fcssen die M\u00f6glichkeit haben, an Fahrgastinformationen und Tickets zu gelangen.<\/li>\n\n\n\n<li>den Bewusstseinswandel vorantreiben: Mit Kampagnen und Programmen f\u00f6rdern wir einen inklusiven Blick auf die Gesellschaft \u2013 gegen Vorurteile, f\u00fcr ein selbstverst\u00e4ndliches Miteinander.<\/li>\n\n\n\n<li>die Zug\u00e4nglichkeit zu Informationen, z.B. \u00fcber Veranstaltungen in Hofheim und den Stadtteilen, \u00fcber die Hofheim-Homepage hinaus z.B. durch eine App verbessern<\/li>\n\n\n\n<li>Kitapl\u00e4tze f\u00fcr Kinder mit einer Behinderung vorhalten &#8211; inklusive Gruppen f\u00f6rdern<\/li>\n\n\n\n<li>inklusive Ferien- und Freizeitangebote unterst\u00fctzen und anbieten<\/li>\n\n\n\n<li>Partizipation st\u00e4rken: Wir f\u00f6rdern Initiativen, Netzwerke und Projekte, die Menschen mit Behinderung echte Mitgestaltung und Teilhabe erm\u00f6glichen.<\/li>\n<\/ul>\n\n\n\n<h2 class=\"wp-block-heading\">Migration und Integration<\/h2>\n\n\n\n<p>In Hofheim leben Menschen aus \u00fcber hundert Nationen. Viele sind hier aufgewachsen und f\u00fchlen sich gut integriert. Die kulturelle Vielfalt ist eine gro\u00dfe Bereicherung f\u00fcr das Hofheimer Stadtleben. Neu zugewanderte und gefl\u00fcchtete Menschen sollen sich in Hofheim willkommen f\u00fchlen und Schutz und Unterst\u00fctzung finden.<\/p>\n\n\n\n<ul class=\"wp-block-list\">\n<li>Wir wollen die Willkommenskultur st\u00e4rken und eine offene, respektvolle Stadtgesellschaft f\u00f6rdern.<\/li>\n\n\n\n<li>Sprache ist der Schl\u00fcssel f\u00fcr gute Integration: Wir f\u00f6rdern wohnort- und alltagsnahe Sprachf\u00f6rderung f\u00fcr Kinder und Erwachsene.<\/li>\n\n\n\n<li>Wir wollen die Ehrenamtlichen unterst\u00fctzen, die die Integration tragen. Sie sollen durch Schulungen, gute Vernetzung, finanzielle F\u00f6rderung und fr\u00fchzeitige Einbindung in geplante Ma\u00dfnahmen entlastet werden.<\/li>\n\n\n\n<li>Dialog statt Parallelgesellschaft: Wir f\u00f6rdern den Austausch zwischen Kulturen, Religionen und Weltanschauungen f\u00fcr gegenseitiges Verst\u00e4ndnis und gesellschaftlichen Zusammenhalt.<\/li>\n\n\n\n<li>Gegen Rassismus und Diskriminierung: Wir st\u00e4rken Antidiskriminierungsarbeit und setzen uns f\u00fcr ein konsequentes Vorgehen gegen Ausgrenzung ein.<\/li>\n\n\n\n<li>Bewusstseinswandel f\u00f6rdern: Gemeinsam mit dem Ausl\u00e4nderbeirat arbeiten wir an \u00f6ffentlichkeitswirksamen Ma\u00dfnahmen, die Vorurteile abbauen und interkulturelle Kompetenzen st\u00e4rken. Die Hofheimer Schulen sollen dabei verst\u00e4rkt einbezogen werden.<\/li>\n\n\n\n<li>Der Ausl\u00e4nderbeirat soll politisch besser eingebunden werden.<\/li>\n\n\n\n<li>Integration st\u00e4rken und koordinieren: Wir setzen uns f\u00fcr eine bessere B\u00fcndelung und nachhaltigere Gestaltung der vielf\u00e4ltigen Integrations- und Migrationsangebote in unserer Stadt ein.<\/li>\n<\/ul>\n\n\n\n\n\n\n","protected":false},"excerpt":{"rendered":"<p>Hofheim &#8211; Eine Stadt f\u00fcr alle B\u00dcNDNIS 90\/DIE GR\u00dcNEN setzen sich f\u00fcr eine nachhaltige, zukunftsf\u00e4hige Stadtentwicklung ein, wollen Bildung und soziale Gerechtigkeit, Teilhabe und Vielfalt f\u00fcr ein solidarisches Miteinander und [&hellip;]<\/p>\n","protected":false},"author":1,"featured_media":0,"parent":0,"menu_order":0,"comment_status":"closed","ping_status":"closed","template":"","meta":{"footnotes":""},"class_list":["post-3174","page","type-page","status-publish","hentry"],"_links":{"self":[{"href":"https:\/\/gruene-hofheim.de\/index.php?rest_route=\/wp\/v2\/pages\/3174","targetHints":{"allow":["GET"]}}],"collection":[{"href":"https:\/\/gruene-hofheim.de\/index.php?rest_route=\/wp\/v2\/pages"}],"about":[{"href":"https:\/\/gruene-hofheim.de\/index.php?rest_route=\/wp\/v2\/types\/page"}],"author":[{"embeddable":true,"href":"https:\/\/gruene-hofheim.de\/index.php?rest_route=\/wp\/v2\/users\/1"}],"replies":[{"embeddable":true,"href":"https:\/\/gruene-hofheim.de\/index.php?rest_route=%2Fwp%2Fv2%2Fcomments&post=3174"}],"version-history":[{"count":1,"href":"https:\/\/gruene-hofheim.de\/index.php?rest_route=\/wp\/v2\/pages\/3174\/revisions"}],"predecessor-version":[{"id":3175,"href":"https:\/\/gruene-hofheim.de\/index.php?rest_route=\/wp\/v2\/pages\/3174\/revisions\/3175"}],"wp:attachment":[{"href":"https:\/\/gruene-hofheim.de\/index.php?rest_route=%2Fwp%2Fv2%2Fmedia&parent=3174"}],"curies":[{"name":"wp","href":"https:\/\/api.w.org\/{rel}","templated":true}]}}