{"id":3179,"date":"2025-11-04T19:12:37","date_gmt":"2025-11-04T19:12:37","guid":{"rendered":"https:\/\/gruene-hofheim.de\/?page_id=3179"},"modified":"2025-11-04T19:12:47","modified_gmt":"2025-11-04T19:12:47","slug":"vorwort","status":"publish","type":"page","link":"https:\/\/gruene-hofheim.de\/?page_id=3179","title":{"rendered":"Vorwort"},"content":{"rendered":"\n<p>Die Hofheimer Gr\u00fcnen haben eine au\u00dfergew\u00f6hnliche Wahlperiode hinter sich. Erstmals in der Geschichte der Hofheimer Kommunalpolitik ist es gelungen, vom bisherigen System gro\u00dfe Koalition \/ Opposition abzuweichen. Die Folge sind wechselnde Mehrheiten in der Stadtverordnetenversammlung. Dadurch waren wir als zweitst\u00e4rkste Fraktion besonders motiviert und haben alle Register gezogen, um dies zu nutzen.<\/p>\n<p>Einstimmig beschlossen wurde z.B. im Dezember 2022 der Antrag der Gr\u00fcnen Fraktion, auf den die heute existierenden Nahkauf-Boxen in Langenhain und Wildsachsen zur\u00fcckzuf\u00fchren sind. Die Rund-um-die-Uhr Versorgung in den beiden Ortsteilen gilt es auch in Zukunft zu erhalten.<\/p>\n<p>Seit Anfang 2024 haben wir mit dem Ersten Stadtrat Daniel Philipp erstmals ein Gr\u00fcnes hauptamtliches Magistratsmitglied in Hofheim. Inzwischen hat die Stadt Hofheim eine Klimaschutzmanagerin und einen Klimaanpassungsmanager. Eine Freifl\u00e4chensatzung, das Klimaschutzkonzept und die W\u00e4rmeplanung f\u00fcr Hofheim konnten mehrheitlich beschlossen werden. Damit wird es in Zukunft besser m\u00f6glich sein, auf die Ver\u00e4nderungen, die der Klimawandel mit sich bringt, auf kommunaler Ebene angemessen zu reagieren.<\/p>\n<p>Mit besonderer Unterst\u00fctzung von Daniel Philipp haben die Hofheimer Gr\u00fcnen seit der Bauleitplanung Wohnbebauung an der Hattersheimer Stra\u00dfe (ehemaliges \u201ePolar-Mohr-Gel\u00e4nde\u201c) einen transparenteren Umgang mit st\u00e4dtebaulichen Vertr\u00e4gen durchsetzen k\u00f6nnen. Besonders stolz sind wir darauf, dass es neuerdings m\u00f6glich ist, auch st\u00e4dtebauliche Vertr\u00e4ge in \u00f6ffentlicher Sitzung zu behandeln. Angelehnt an das von Kelkheims Gr\u00fcnem B\u00fcrgermeister Albrecht K\u00fcndiger angewendete Verfahren konnten die ersten wichtigen st\u00e4dtebaulichen Vertr\u00e4ge der Hofheimer \u00d6ffentlichkeit zug\u00e4nglich gemacht werden. Dies ist allerdings ein Verfahren, das immer wieder neu mit Investoren und Magistrat verhandelt werden muss. Die Hofheimer Gr\u00fcnen werden sich auch in Zukunft vehement daf\u00fcr einsetzen.<\/p>\n<p>Eines der Grundprinzipien der politischen Arbeit der Hofheimer Gr\u00fcnen ist es, unn\u00f6tige Boden-Versiegelung zu vermeiden. Dies ist uns dank der wechselnden Mehrheiten in der Stadtverordnetenversammlung beispielhaft gelungen bei dem von Investoren geplanten Baugebiet \u201eAuf den Gleichen\u201c in der N\u00e4he des faktischen Vogelschutzgebietes Vorderheide. Das Baugebiet wurde abgelehnt und nicht weiterverfolgt. Wir freuen uns auch sehr, dass es nach jahrelangem Kampf gelungen ist, das Gebiet der Vorderheide II durch Gerichtsbeschluss vom Dezember 2021 vor Eingriffen zu sch\u00fctzen. Nicht gelungen ist es uns, die Entwicklung des gro\u00dfen Gewerbeparks \u201eIn der Lach\u201c im Au\u00dfenbereich von Diedenbergen zu verhindern. Umso wichtiger wird es in den folgenden Monaten und Jahren sein, ein zus\u00e4tzliches Gewerbegebiet, wie es \u00fcberraschenderweise derzeit in Wallau in Form eines \u201eMultiBusinessHubs\u201c geplant wird, zu stoppen. Wir halten es f\u00fcr unfair und unzumutbar, wenn Wallau und Diedenbergen, die ganze Last der Gewerbegebiete und den damit verbunden Verkehr zu tragen haben. F\u00fcr uns Gr\u00fcne muss auch Wirtschaftspolitik auf den Prinzipien der Nachhaltigkeit aufbauen. Das ist derzeit in Wallau nicht der Fall.<\/p>\n<p>Was uns bisher leider nicht gelungen ist, ist die Einf\u00fchrung einer Baumschutzsatzung in Hofheim. Eine solche Satzung ist bisher bei fast allen anderen Parteien auf Widerstand gesto\u00dfen. Wir sehen aber weiterhin eine unserer Aufgaben darin, Verb\u00fcndete zu suchen, um diese Satzung endlich zu verwirklichen. Wertvoller Baumbestand ist sch\u00fctzenswert und eine Baumschutzsatzung kann k\u00fcnftig ein wichtiges Instrument sein, um einen angemessenen Umgang mit B\u00e4umen in der Stadt zu erreichen.<\/p>\n<p>Bei all den Anspr\u00fcchen, die wir an Klimaschutz und Klimaanpassung haben, muss in der Kommunalpolitik doch immer der Mensch im Mittelpunkt des politischen Handelns stehen. Dabei ist es uns ein Anliegen, besonders die Schw\u00e4chsten unter uns mit besonderer Aufmerksamkeit zu unterst\u00fctzen. F\u00fcr die n\u00e4chste Wahlperiode sehen wir diesbez\u00fcglich besonderen Handlungsbedarf bei der Mobilit\u00e4t und beim Schutz unserer \u00e4ltesten Mitb\u00fcrgerinnen und Mitb\u00fcrger im Stra\u00dfenverkehr.<\/p>\n<p>Auch im sozialen Leben gibt es in Hofheim noch vieles zu verbessern. Die Einrichtung von wohnortnahen Pflegepl\u00e4tzen f\u00fcr Menschen, die auf Unterst\u00fctzung angewiesen sind, muss mit Eile vorangetrieben werden. Zuk\u00fcnftiger Wohnraum soll prinzipiell altersgerecht, barrierefrei und bezahlbar angelegt werden.<\/p>\n<p>Weiterhin werden wir alle M\u00f6glichkeiten nutzen, um das Angebot an Kitapl\u00e4tzen auszubauen. Hofheim soll auch als Stadt f\u00fcr Familien attraktiv bleiben beziehungsweise wieder werden.<\/p>\n<p>Die angemessene Betreuung von Kindern mit Inklusionsbedarf ist uns eine Herzensangelegenheit. Noch immer stehen Familien mit behinderten Kindern viel zu oft alleine in unserer Gesellschaft.<\/p>\n<p>Die Hofheimer Gr\u00fcnen werden sich, entgegen dem gesellschaftlichen Trend, auch weiterhin f\u00fcr eine starke Einbindung von Menschen mit Migrationsgeschichte einsetzen. Wir sind \u00fcberzeugt, dass alle Hofheimer B\u00fcrgerinnen und B\u00fcrger davon profitieren k\u00f6nnten, wenn es in Zukunft gelingen w\u00fcrde,<br \/>Hofheimer Kindern und jungen Menschen &#8211; unabh\u00e4ngig von ihren Herkunftsfamilien &#8211; durch Bildungsangebote und soziale N\u00e4he zumindest die Grundlagen f\u00fcr eine erfolgreiche und gl\u00fcckliche Zukunft zu bieten.<\/p>\n<p>Auf den folgenden Seiten haben wir f\u00fcr Sie viele weitere Ziele aufgef\u00fchrt, die die Hofheimer Gr\u00fcnen in den kommenden Jahren verfolgen wollen, aber auch weitere Erfolge, die wir schon hinsichtlich eines lebenswerten und zukunftsf\u00e4higen Hofheims erreicht haben.<br \/>Wir freuen uns \u00fcber Ihr Interesse an unserem Wahlprogramm. Zuspruch, Anregungen und Kritik Ihrerseits sind willkommen. Lassen Sie uns gerne ins Gespr\u00e4ch kommen.<\/p>\n","protected":false},"excerpt":{"rendered":"<p>Die Hofheimer Gr\u00fcnen haben eine au\u00dfergew\u00f6hnliche Wahlperiode hinter sich. Erstmals in der Geschichte der Hofheimer Kommunalpolitik ist es gelungen, vom bisherigen System gro\u00dfe Koalition \/ Opposition abzuweichen. Die Folge sind [&hellip;]<\/p>\n","protected":false},"author":1,"featured_media":0,"parent":0,"menu_order":0,"comment_status":"closed","ping_status":"closed","template":"","meta":{"footnotes":""},"class_list":["post-3179","page","type-page","status-publish","hentry"],"_links":{"self":[{"href":"https:\/\/gruene-hofheim.de\/index.php?rest_route=\/wp\/v2\/pages\/3179","targetHints":{"allow":["GET"]}}],"collection":[{"href":"https:\/\/gruene-hofheim.de\/index.php?rest_route=\/wp\/v2\/pages"}],"about":[{"href":"https:\/\/gruene-hofheim.de\/index.php?rest_route=\/wp\/v2\/types\/page"}],"author":[{"embeddable":true,"href":"https:\/\/gruene-hofheim.de\/index.php?rest_route=\/wp\/v2\/users\/1"}],"replies":[{"embeddable":true,"href":"https:\/\/gruene-hofheim.de\/index.php?rest_route=%2Fwp%2Fv2%2Fcomments&post=3179"}],"version-history":[{"count":1,"href":"https:\/\/gruene-hofheim.de\/index.php?rest_route=\/wp\/v2\/pages\/3179\/revisions"}],"predecessor-version":[{"id":3180,"href":"https:\/\/gruene-hofheim.de\/index.php?rest_route=\/wp\/v2\/pages\/3179\/revisions\/3180"}],"wp:attachment":[{"href":"https:\/\/gruene-hofheim.de\/index.php?rest_route=%2Fwp%2Fv2%2Fmedia&parent=3179"}],"curies":[{"name":"wp","href":"https:\/\/api.w.org\/{rel}","templated":true}]}}