{"id":3194,"date":"2025-11-08T20:14:18","date_gmt":"2025-11-08T20:14:18","guid":{"rendered":"https:\/\/gruene-hofheim.de\/?page_id=3194"},"modified":"2025-11-08T20:14:18","modified_gmt":"2025-11-08T20:14:18","slug":"umwelt-und-natur","status":"publish","type":"page","link":"https:\/\/gruene-hofheim.de\/?page_id=3194","title":{"rendered":"UMWELT UND NATUR"},"content":{"rendered":"\n<p>Unser Kernanliegen ist der Schutz der Natur und unserer Lebensgrundlagen, also der Schutz von Erde, Wasser, Luft, Tieren und Pflanzen, Wald und damit verbunden der Schutz von Artenvielfalt, Biodiversit\u00e4t und Klima.<br>Die Aufgabe von uns Gr\u00fcnen in der Kommunalpolitik ist es, Umwelt- und Naturschutz sowie Klimaschutz- und Klimaanpassungsma\u00dfnahmen sozial gerecht zu entwickeln und zu f\u00f6rdern. Luft, Boden und Gew\u00e4sser sind hohe Schutzg\u00fcter<\/p>\n\n\n\n<h2 class=\"wp-block-heading\">Wald<\/h2>\n\n\n\n<p><strong>Hofheimer Stadtwald \u2013 unsere Chance f\u00fcr Klima, Artenvielfalt und Erholung<\/strong><br>Der Hofheimer Wald ist uns wichtig. Er bietet Erholungsraum f\u00fcr Menschen und ist ein unersetzlicher Ort der Abk\u00fchlung an hei\u00dfen Sommertagen. Unser Stadtwald reinigt unser Wasser, reichert die Atmosph\u00e4re mit Sauerstoff an, bindet Kohlendioxid, filtert die Luft, bietet Lebensraum f\u00fcr Tausende von Tieren, Pflanzen, Kleinstlebewesen und Pilzen. Durch diese bedeutenden \u00d6kosystemleistungen tr\u00e4gt er wesentlich zur Abmilderung des Klimawandels bei.<\/p>\n\n\n\n<p>Seit Juli 2024 fungiert ein Forstausschuss als Beratungs- und Entscheidungsgremium f\u00fcr die Belange des Stadtwaldes. Er tagt \u00f6ffentlich und seine Einrichtung ist einer unserer gro\u00dfen Gr\u00fcnen Erfolge.<\/p>\n\n\n\n<p>Erg\u00e4nzend hierzu streben wir den Aufbau eines Runden Tisches an, um B\u00fcrgerinnen und B\u00fcrger, Vertreterinnen und Vertreter aus Wissenschaft, Politik und Verwaltung sowie aus den Verb\u00e4nden (Waldbesitzende, Landwirtschaft, Jagd, Naturschutz) und die zust\u00e4ndigen Forstmitarbeitenden zusammenzubringen. Ziel ist die gemeinsame Entwicklung eines langfristig tragf\u00e4higen und nachhaltigen Waldkonzeptes.<\/p>\n\n\n\n<p>Wir wollen f\u00fcr unseren Wald:<\/p>\n\n\n\n<ul class=\"wp-block-list\">\n<li>die Beibehaltung der Zertifizierungen und Schutzprogramme:<br>Das <strong>FSC-Siegel<\/strong> best\u00e4tigt eine nachhaltige Bewirtschaftung unseres Hofheimer Waldes. Die einhergehende externe Begutachtung\u00fcberwacht unsere Waldbewirtschaftung unter \u00f6kologischen und sozialen Standards.<br>Nach der <strong>Hessischen Naturschutzleitlinie<\/strong> werden bei der Planung und Umsetzung forstbetrieblicher Arbeiten die Belange des Biotop- und Artenschutzes beachtet und ihnen im Konfliktfall Vorrang einger\u00e4umt.<br>F\u00f6rderung im Rahmen des Programms <strong>\u201cKlimaangepasstes Waldmanagement\u201d<\/strong><\/li>\n\n\n\n<li>Integration in das europ\u00e4ische Schutzgebietsnetz <strong>Natura 2000<\/strong>:<br>Hofheim besitzt zwei <strong>FFH-Gebiete<\/strong> (Fauna-Flora-Habitat-Gebiete), die ein besonderer Schutzstatus f\u00fcr Arten und Lebensraumtypen auszeichnet. Damit sind wir Teil eines europaweiten bedeutenden \u00f6kologischen Schutznetzes. Die besonderen Schutzziele der FFH-Gebiete m\u00fcssen erhalten und Eingriffe auf ihre Vertr\u00e4glichkeit gepr\u00fcft werden.<\/li>\n\n\n\n<li>die F\u00f6rderung eines standortgerechten, klimaresilienten und strukturreichen Mischwaldes<\/li>\n\n\n\n<li>Naturverj\u00fcngung dient der Bildung eines Mischwaldes, der widerstandsf\u00e4hig gegen\u00fcber dem Klimawandel ist. Wildverbiss gef\u00e4hrdet die Naturverj\u00fcngung. Die Verbisssch\u00e4den sollen regelm\u00e4\u00dfig bewertet werden, um die jungen Keimlinge effektiv sch\u00fctzen zu k\u00f6nnen.<br>Lebensraumangepasste Wildbest\u00e4nde lassen einen naturnahen Wald und eine stabile Waldstruktur entstehen.<\/li>\n\n\n\n<li>Bodenschutz<br>Verzicht auf schwere Maschinen (Harvester) bei ung\u00fcnstigen Boden- und Wetterbedingungen<br>Wasser- und N\u00e4hrstoffspeicherfunktion sowie Filterfunktion nachhaltig bewahren<br>Ma\u00dfnahmen gegen Bodenerosion<\/li>\n\n\n\n<li>Schutz der einheimischen Arten<br>Populationserhebung von invasiven Tier- und Pflanzenarten<\/li>\n\n\n\n<li>naturnahe Waldbewirtschaftung<\/li>\n<\/ul>\n\n\n\n<h2 class=\"wp-block-heading\">Tierschutz<\/h2>\n\n\n\n<p>Wir stehen f\u00fcr den Schutz von wild lebenden Tieren und von Haus- und Nutztieren. Erreicht haben wir bereits die Katzenschutzverordnung und die Pr\u00fcfung eines Nachtfahrverbotes f\u00fcr M\u00e4hroboter zum Schutz von Igeln und Kleintieren.<\/p>\n\n\n\n<p>Die Hofheimer Gr\u00fcnen wollen:<\/p>\n\n\n\n<ul class=\"wp-block-list\">\n<li>bei allen Entscheidungen den Schutz der Artenvielfalt im Auge behalten<\/li>\n\n\n\n<li>Unterst\u00fctzung der Tierheime in den Nachbargemeinden<\/li>\n\n\n\n<li>Vernetzung von Tiersch\u00fctzenden, Austausch von Tierschutz- und Tierhalterorganisationen f\u00f6rdern<\/li>\n\n\n\n<li>Infoveranstaltungen, z.B. zur lebensraumfreundlichen Gestaltung von Freizeitg\u00e4rten<\/li>\n<\/ul>\n\n\n\n<h2 class=\"wp-block-heading\">Landwirtschaft<\/h2>\n\n\n\n<p>Unser Ziel ist es, das Wirken der Landwirtschaft mit dem Schutz von Natur und Biodiversit\u00e4t in Einklang zu bringen \u2013 nachhaltig, zukunftsorientiert und lokal umsetzbar.<br>Wir Hofheimer Gr\u00fcnen wollen, dass landwirtschaftliche Fl\u00e4chen erhalten werden und deren \u00f6kologische Bewirtschaftung gef\u00f6rdert wird. Aktuell geht die in Hofheim vorherrschende konventionelle Landwirtschaft mit dem Einsatz von Kunstd\u00fcnger und Pestiziden allerdings zu Lasten von Biodiversit\u00e4t und Wasserqualit\u00e4t.<br>Landwirtschaftliche Fl\u00e4chen stehen zunehmend unter Druck: Der Bedarf an Boden f\u00fcr Infrastruktur, Wohn- und Gewerbegebiete w\u00e4chst stetig. Das f\u00fchrt zu Nutzungskonflikten, bei denen h\u00e4ufig die Landwirtschaft den K\u00fcrzeren zieht<br>.<br>Unsere Position:<\/p>\n\n\n\n<ul class=\"wp-block-list\">\n<li>Boden ist endlich \u2013 Priorit\u00e4t f\u00fcr Nahrungsmittelproduktion<br>Fruchtbare B\u00f6den d\u00fcrfen nicht leichtfertig f\u00fcr neue Baugebiete oder Infrastrukturprojekte geopfert werden. Eine sorgf\u00e4ltige Abw\u00e4gung ist notwendig, um den Verlust landwirtschaftlicher Nutzfl\u00e4chen zu vermeiden.<\/li>\n\n\n\n<li>Ausgleich f\u00fcr Bauma\u00dfnahmen<br>Die f\u00fcr neue Bauma\u00dfnahmen erforderlichen Ausgleichsma\u00dfnahmen sollen nicht auf Kosten landwirtschaftlicher Fl\u00e4chen erfolgen.<\/li>\n\n\n\n<li>F\u00f6rderung von Agri-Photovoltaik<br>Agri-PV verbindet landwirtschaftliche Nutzung mit der Erzeugung von Solar-Energie.<\/li>\n\n\n\n<li>Kommunale Fl\u00e4chen \u00f6kologisch verpachten<br>Landwirtschaftliche Fl\u00e4chen im Eigentum der Gemeinde sollten bevorzugt an Betriebe verpachtet werden, die \u00f6kologisch und nachhaltig wirtschaften.<\/li>\n\n\n\n<li>F\u00f6rderung der Vermarktung von regionalen Produkten<br>Vorrangige Standpl\u00e4tze bei kommunalen M\u00e4rkten f\u00fcr ortsans\u00e4ssige Erzeugerinnen St\u00e4dtische Einrichtungen sollten regionale Produkte einkaufen.<\/li>\n\n\n\n<li>F\u00f6rderung von Ma\u00dfnahmen f\u00fcr mehr Biodiversit\u00e4t in der Landwirtschaft<\/li>\n\n\n\n<li>Strukturvielfalt schaffen durch Hecken, Streuobstwiesen, Felds\u00e4ume und Feldgeh\u00f6lze<\/li>\n\n\n\n<li>Anlegen von Bl\u00fchstreifen und artenreichem Gr\u00fcnland<\/li>\n\n\n\n<li>Verbesserung nat\u00fcrlicher Lebensr\u00e4ume f\u00fcr V\u00f6gel, Insekten und Flederm\u00e4use<\/li>\n\n\n\n<li>Aufstellen von Ansitzstangen f\u00fcr Greifv\u00f6gel<\/li>\n<\/ul>\n\n\n","protected":false},"excerpt":{"rendered":"<p>Unser Kernanliegen ist der Schutz der Natur und unserer Lebensgrundlagen, also der Schutz von Erde, Wasser, Luft, Tieren und Pflanzen, Wald und damit verbunden der Schutz von Artenvielfalt, Biodiversit\u00e4t und [&hellip;]<\/p>\n","protected":false},"author":1,"featured_media":0,"parent":0,"menu_order":0,"comment_status":"closed","ping_status":"closed","template":"","meta":{"footnotes":""},"class_list":["post-3194","page","type-page","status-publish","hentry"],"_links":{"self":[{"href":"https:\/\/gruene-hofheim.de\/index.php?rest_route=\/wp\/v2\/pages\/3194","targetHints":{"allow":["GET"]}}],"collection":[{"href":"https:\/\/gruene-hofheim.de\/index.php?rest_route=\/wp\/v2\/pages"}],"about":[{"href":"https:\/\/gruene-hofheim.de\/index.php?rest_route=\/wp\/v2\/types\/page"}],"author":[{"embeddable":true,"href":"https:\/\/gruene-hofheim.de\/index.php?rest_route=\/wp\/v2\/users\/1"}],"replies":[{"embeddable":true,"href":"https:\/\/gruene-hofheim.de\/index.php?rest_route=%2Fwp%2Fv2%2Fcomments&post=3194"}],"version-history":[{"count":1,"href":"https:\/\/gruene-hofheim.de\/index.php?rest_route=\/wp\/v2\/pages\/3194\/revisions"}],"predecessor-version":[{"id":3195,"href":"https:\/\/gruene-hofheim.de\/index.php?rest_route=\/wp\/v2\/pages\/3194\/revisions\/3195"}],"wp:attachment":[{"href":"https:\/\/gruene-hofheim.de\/index.php?rest_route=%2Fwp%2Fv2%2Fmedia&parent=3194"}],"curies":[{"name":"wp","href":"https:\/\/api.w.org\/{rel}","templated":true}]}}