{"id":3204,"date":"2025-11-10T20:04:33","date_gmt":"2025-11-10T20:04:33","guid":{"rendered":"https:\/\/gruene-hofheim.de\/?page_id=3204"},"modified":"2025-11-10T20:04:34","modified_gmt":"2025-11-10T20:04:34","slug":"klimaschutz-und-klimaanpassung","status":"publish","type":"page","link":"https:\/\/gruene-hofheim.de\/?page_id=3204","title":{"rendered":"KLIMASCHUTZ UND KLIMAANPASSUNG"},"content":{"rendered":"\n<p>B\u00dcNDNIS 90\/DIE GR\u00dcNEN haben wesentlich dazu beigetragen, dass im Jahr 2023 die Stelle f\u00fcr Klimaschutzmanagement geschaffen und eingerichtet wurde. Die von den Gr\u00fcnen beantragte Stelle f\u00fcr Klimaanpassungsmanagement konnte Ende 2024 besetzt werden. Hofheim ist damit die erste Stadt im Kreisgebiet, die eine entsprechende Stelle hat und ein Klimaanpassungskonzept erarbeitet.<\/p>\n\n\n\n<p>Das Klimaschutzkonzept f\u00fcr Hofheim, das im September 2024 in der Stadtverordnetenversammlung mit einer von der Gr\u00fcnen Fraktion organisierten Mehrheit beschlossen wurde, z\u00e4hlt zu unseren bedeutenden Erfolgen in der letzten Wahlperiode. Es bildet eine wichtige Grundlage f\u00fcr unsere weitere politische Arbeit und gibt uns eine Reihe von wertvollen Ma\u00dfnahmen an die Hand, insbesondere in den Bereichen Energie, Mobilit\u00e4t und Stadtentwicklung.<br><br>Wir setzen uns ein f\u00fcr:<\/p>\n\n\n\n<ul class=\"wp-block-list\">\n<li>die Weiterentwicklung des Arbeitskreises Energie zu einem Klima- und<br>Nachhaltigkeitsbeirat<\/li>\n\n\n\n<li>die Ber\u00fccksichtigung von Klimaschutzaspekten bei allen politischen und<br>administrativen Entscheidungen<\/li>\n\n\n\n<li>die Pr\u00fcfung bei neu aufzustellenden Bebauungspl\u00e4nen, ob eine Pflicht zur Errichtung von Photovoltaik-Anlagen in Frage kommt<\/li>\n\n\n\n<li>die weitere Umr\u00fcstung der Stra\u00dfenbeleuchtung auf LED sowie die Pr\u00fcfung, ob ggf. Solarleuchten oder Ausstattung mit Sensorik m\u00f6glich sind<br>\u2022<br>Lichtverschmutzung stellt inzwischen ein erhebliches Problem dar, das zu Lasten der Artenvielfalt geht. Die Gr\u00fcnen bef\u00fcrworten daher energie-<br>sparende und umweltfreundliche Beleuchtungskonzepte.<\/li>\n\n\n\n<li>Ma\u00dfnahmen zur Entsiegelung von B\u00f6den, um deren nat\u00fcrliche Funktion wiederherzustellen<\/li>\n\n\n\n<li>die l\u00e4ngst \u00fcberf\u00e4llige Verabschiedung einer Baumschutzsatzung<br>f\u00fcr Hofheim<\/li>\n\n\n\n<li>die Anlage von \u201eKlimaw\u00e4ldchen\u201c sowie Baumpflanzungen im Stadtbereich<\/li>\n\n\n\n<li>Dach- und Fassadenbegr\u00fcnung<\/li>\n\n\n\n<li>die Schaffung weiterer naturnaher Gr\u00fcnfl\u00e4chen im Stadtbereich sowie die Aufwertung und Pflege der vorhandenen Gr\u00fcnfl\u00e4chen<\/li>\n\n\n\n<li>Auf An<\/li>\n\n\n\n<li>trag von B\u00dcNDNIS 90\/DIE GR\u00dcNEN wurde kurz nach der letzten Kommunalwahl die Erarbeitung eines Gr\u00fcnkonzeptes f\u00fcr den Kellereiplatz beschlossen, das mit schattenspendenden B\u00e4umen sowohl der Klima-<\/li>\n\n\n\n<li>anpassung als auch der Erh\u00f6hung der Aufenthaltsqualit\u00e4t dienen sollte.<\/li>\n\n\n\n<li>Die Stadtverwaltung brauchte Jahre, um das Konzept anzugehen.<\/li>\n\n\n\n<li>Umsetzung des Regenwasser-Nutzungskonzeptes<\/li>\n\n\n\n<li>die Erarbeitung einer Starkregen-Gefahrenkarte<br>Diese muss vordringlich unter Einbeziehung des Fachbereiches Klimaschutz und Klimaanpassung und zusammen mit der Erstellung eines<br>konkreten Ma\u00dfnahmenkataloges verfolgt werden.<br>Zweck: Schutz und Beratung der Bev\u00f6lkerung, Steuerung der Notfallplanung und Ergreifung gezielter Ma\u00dfnahmen zur Risikominderung in den besonders gef\u00e4hrdeten Bereichen wie z.B. im durch die Tallage besonders gef\u00e4hrdeten Stadtteil Lorsbach<\/li>\n\n\n\n<li>die Erarbeitung und Umsetzung eines Hitzeschutz-Aktionsplans<\/li>\n\n\n\n<li>Einrichtung von Trinkwasserbrunnen im \u00f6ffentlichen Raum als Aufgabe der Daseinsf\u00fcrsorge und als Ma\u00dfnahme im Sinne der Klimaanpassung (Schutz vor Hitze).<br>Ein entsprechender Antrag wurde bereits 2019 erstmals von den Gr\u00fcnen im Ortsbeirat Kernstadt gestellt, dann 2022 in der Stadtverordnetenversammlung. Der erste Hofheimer Trinkwasserbrunnen wurde nach vielen Ausschussrunden 2025 endlich beschlossen, am Kellereigeb\u00e4ude installiert und in Betrieb genommen. Wir setzen uns f\u00fcr die Errichtung weiterer \u00f6ffentlicher Trinkwasserbrunnen in allen Stadtteilen ein.<\/li>\n<\/ul>\n\n\n","protected":false},"excerpt":{"rendered":"<p>B\u00dcNDNIS 90\/DIE GR\u00dcNEN haben wesentlich dazu beigetragen, dass im Jahr 2023 die Stelle f\u00fcr Klimaschutzmanagement geschaffen und eingerichtet wurde. Die von den Gr\u00fcnen beantragte Stelle f\u00fcr Klimaanpassungsmanagement konnte Ende 2024 [&hellip;]<\/p>\n","protected":false},"author":1,"featured_media":0,"parent":0,"menu_order":0,"comment_status":"closed","ping_status":"closed","template":"","meta":{"footnotes":""},"class_list":["post-3204","page","type-page","status-publish","hentry"],"_links":{"self":[{"href":"https:\/\/gruene-hofheim.de\/index.php?rest_route=\/wp\/v2\/pages\/3204","targetHints":{"allow":["GET"]}}],"collection":[{"href":"https:\/\/gruene-hofheim.de\/index.php?rest_route=\/wp\/v2\/pages"}],"about":[{"href":"https:\/\/gruene-hofheim.de\/index.php?rest_route=\/wp\/v2\/types\/page"}],"author":[{"embeddable":true,"href":"https:\/\/gruene-hofheim.de\/index.php?rest_route=\/wp\/v2\/users\/1"}],"replies":[{"embeddable":true,"href":"https:\/\/gruene-hofheim.de\/index.php?rest_route=%2Fwp%2Fv2%2Fcomments&post=3204"}],"version-history":[{"count":1,"href":"https:\/\/gruene-hofheim.de\/index.php?rest_route=\/wp\/v2\/pages\/3204\/revisions"}],"predecessor-version":[{"id":3205,"href":"https:\/\/gruene-hofheim.de\/index.php?rest_route=\/wp\/v2\/pages\/3204\/revisions\/3205"}],"wp:attachment":[{"href":"https:\/\/gruene-hofheim.de\/index.php?rest_route=%2Fwp%2Fv2%2Fmedia&parent=3204"}],"curies":[{"name":"wp","href":"https:\/\/api.w.org\/{rel}","templated":true}]}}