{"id":3215,"date":"2025-11-11T18:57:11","date_gmt":"2025-11-11T18:57:11","guid":{"rendered":"https:\/\/gruene-hofheim.de\/?page_id=3215"},"modified":"2025-11-11T18:57:12","modified_gmt":"2025-11-11T18:57:12","slug":"energie","status":"publish","type":"page","link":"https:\/\/gruene-hofheim.de\/?page_id=3215","title":{"rendered":"ENERGIE"},"content":{"rendered":"\n<p>Der Ausbau der Erneuerbaren Energien &#8211; Solar, Wind, Geothermie, Biomasse usw. &#8211; soll auf lokaler Ebene vorangetrieben werden, damit der konsequente Ausstieg aus der Nutzung der fossilen Brennstoffe mit ihrer in hohem Ma\u00dfe umwelt- und klimasch\u00e4dlichen Freisetzung von Kohlenstoffdioxid und Treibhausgasemmissionen gelingen kann. B\u00dcNDNIS 90\/DIE GR\u00dcNEN wollen eine dezentrale Energieversorgung mit Erneuerbaren. Wir w\u00fcnschen uns f\u00fcr die B\u00fcrgerinnen und B\u00fcrger Beteiligungsm\u00f6glichkeiten in Form von Bu\u0308 rger-Energiegesellschaften oder -genossenschaften.<\/p>\n\n\n\n<p>Hofheimer Gr\u00fcnen unterst\u00fctzen:<\/p>\n\n\n\n<ul class=\"wp-block-list\">\n<li>die F\u00f6rderung von Dach- und Fassaden-PV-Anlagen f\u00fcr Eigenheime und Gewerbe-Immobilien<\/li>\n\n\n\n<li>den Ausbau des F\u00f6rderprogramms f\u00fcr Balkon-PV-Anlagen<\/li>\n\n\n\n<li>die weitere Umr\u00fcstung der Stra\u00dfenbeleuchung auf LED und Installation solarenergiegetriebener Stra\u00dfenlaternen mit Sensorik<\/li>\n\n\n\n<li>Windkraft ist unverzichtbarer Bestandteil einer nachhaltigen und klimaschonenden Energieversorgung. Die konkrete Umsetzung soll im Rahmen einer intensiven B\u00fcrgerbeteiligung erfolgen. Die B\u00fcrgerinnen und B\u00fcrger sollen in jedem Fall davon profitieren k\u00f6nnen, auch finanziell.<\/li>\n<\/ul>\n\n\n\n<h2 class=\"wp-block-heading\">Rhein-Main-Link<\/h2>\n\n\n\n<p>Die Notwendigkeit des Vorhabens wird von B\u00dcNDNIS 90\/DIE GR\u00dcNEN nicht in Zweifel gezogen. Aber f\u00fcr den Trassenverlauf und insbesondere f\u00fcr die Wahl des Konverterstandortes ist die Minimierung der Inanspruchnahme wohnort- und naturnaher Fl\u00e4chen (einschlie\u00dflich landwirtschaftlich genutzter Fl\u00e4chen) anzustreben. Wenn m\u00f6glich, sollte der Trassenverlauf an vorhandener Infrastruktur geb\u00fcndelt und die Konverterabw\u00e4rme genutzt werden.<\/p>\n\n\n\n<h2 class=\"wp-block-heading\">Ultranet<\/h2>\n\n\n\n<p>Bei den Hofheimer Gr\u00fcnen besteht Akzeptanz nur, wenn die Leitung so verschwenkt wird, dass die Anwohnenden m\u00f6glichst wenig belastet werden.<\/p>\n\n\n\n<h2 class=\"wp-block-heading\">W\u00e4rmeplanung<\/h2>\n\n\n\n<p>Zentrale Aufgabe der n\u00e4chsten Wahlperiode ist die Umsetzung der Ma\u00dfnahmen aus der Hofheimer W\u00e4rmeplanung. Damit wird gem\u00e4\u00df des Bundesw\u00e4rmeplanungsgesetzes eine Strategie zur Dekarbonisierung der W\u00e4rmeversorgung auf Hofheimer Gebiet bis 2045 erarbeitet. Obwohl die W\u00e4rmeplanung erst bis 2028 erstellt werden m\u00fcsste, hat die Stadt Hofheim schnell gehandelt und schon im Sommer 2025 die W\u00e4rmeplanung fertiggestellt und durch die Gremien beschlie\u00dfen lassen.<\/p>\n\n\n\n<p>Die Hofheimer Gr\u00fcnen setzen sich ein f\u00fcr:<\/p>\n\n\n\n<ul class=\"wp-block-list\">\n<li>die Umsetzung der Ma\u00dfnahmen aus der W\u00e4rmeplanung<\/li>\n\n\n\n<li>die Errichtung von W\u00e4rmenetzen<br>Bislang gibt es kein nennenswertes W\u00e4rmenetz in Hofheim, daher ist diese Aufgabe eine besondere Herausforderung.<\/li>\n\n\n\n<li>die Ermittlung und Nutzung von potenziellen W\u00e4rmequellen,<br>z.B. Abw\u00e4rme (geplantes Rechenzentrum in Marxheim und eventuelle Konverterstation des Rhein-Main-Links)<\/li>\n\n\n\n<li>die Gr\u00fcndung einer st\u00e4dtischen W\u00e4rmegesellschaft zusammen mit der S\u00fcwag\/SGEW zur Finanzierung und technischen Umsetzung, auch um Transparenz und faire Preisgestaltung f\u00fcr die Endkunden zu bieten<\/li>\n\n\n\n<li>umfassende Informationsangebote f\u00fcr B\u00fcrgerinnen und B\u00fcrger und f\u00fcr Gewerbetreibende, damit diese Planungssicherheit haben<\/li>\n\n\n\n<li>die Erh\u00f6hung der Sanierungsquote der Hofheimer Geb\u00e4ude durch Informationsangebote und Nutzung von Quartierskonzepten (steuerliche F\u00f6rderung)<\/li>\n\n\n\n<li>die Sanierung der Liegenschaften der Stadt mit Umstellung auf klimagerechte Energie- und W\u00e4rmeversorgung<\/li>\n<\/ul>\n\n\n\n<p>Letztendlich gilt jedoch nach wie vor der Leitsatz:<br><strong>\u201eEnergie Sparen ist unsere beste Energiequelle.\u201c<\/strong><\/p>\n\n\n\n\n","protected":false},"excerpt":{"rendered":"<p>Der Ausbau der Erneuerbaren Energien &#8211; Solar, Wind, Geothermie, Biomasse usw. &#8211; soll auf lokaler Ebene vorangetrieben werden, damit der konsequente Ausstieg aus der Nutzung der fossilen Brennstoffe mit ihrer [&hellip;]<\/p>\n","protected":false},"author":1,"featured_media":0,"parent":0,"menu_order":0,"comment_status":"closed","ping_status":"closed","template":"","meta":{"footnotes":""},"class_list":["post-3215","page","type-page","status-publish","hentry"],"_links":{"self":[{"href":"https:\/\/gruene-hofheim.de\/index.php?rest_route=\/wp\/v2\/pages\/3215","targetHints":{"allow":["GET"]}}],"collection":[{"href":"https:\/\/gruene-hofheim.de\/index.php?rest_route=\/wp\/v2\/pages"}],"about":[{"href":"https:\/\/gruene-hofheim.de\/index.php?rest_route=\/wp\/v2\/types\/page"}],"author":[{"embeddable":true,"href":"https:\/\/gruene-hofheim.de\/index.php?rest_route=\/wp\/v2\/users\/1"}],"replies":[{"embeddable":true,"href":"https:\/\/gruene-hofheim.de\/index.php?rest_route=%2Fwp%2Fv2%2Fcomments&post=3215"}],"version-history":[{"count":1,"href":"https:\/\/gruene-hofheim.de\/index.php?rest_route=\/wp\/v2\/pages\/3215\/revisions"}],"predecessor-version":[{"id":3216,"href":"https:\/\/gruene-hofheim.de\/index.php?rest_route=\/wp\/v2\/pages\/3215\/revisions\/3216"}],"wp:attachment":[{"href":"https:\/\/gruene-hofheim.de\/index.php?rest_route=%2Fwp%2Fv2%2Fmedia&parent=3215"}],"curies":[{"name":"wp","href":"https:\/\/api.w.org\/{rel}","templated":true}]}}