{"id":3265,"date":"2025-11-16T09:52:25","date_gmt":"2025-11-16T09:52:25","guid":{"rendered":"https:\/\/gruene-hofheim.de\/?page_id=3265"},"modified":"2025-11-16T09:52:25","modified_gmt":"2025-11-16T09:52:25","slug":"ortsteile","status":"publish","type":"page","link":"https:\/\/gruene-hofheim.de\/?page_id=3265","title":{"rendered":"ORTSTEILE"},"content":{"rendered":"\n<h2 class=\"wp-block-heading\">Diedenbergen<\/h2>\n\n\n\n<p>Wir treten in Diedenbergen an, um als Gr\u00fcne im Ortsbeirat nach f\u00fcnf Jahren Unterbrechung wieder vertreten zu sein.<\/p>\n\n\n\n<p>F\u00fcr den kleinen Dorfplatz, der an der Kirche eingerichtet wurde, w\u00fcnschen wir uns eine bessere Ausstattung, insbesondere einen Trinkbrunnen und, wenn m\u00f6glich, mehr Gr\u00fcn.<\/p>\n<p>Wir werden uns daf\u00fcr einsetzen, dass die Sicherheit von Fu\u00dfg\u00e4ngern und Radfahrern, besonders auch von Kindern sowie die Inklusion \u00e4lterer und behinderter Menschen im Stra\u00dfenraum verbessert wird. Insbesondere sind wir f\u00fcr Tempo 30 in ganz Diedenbergen, barrierefrei gestaltete Haltestellen des \u00d6PNV, die Verstetigung des Colibri-Rufbusses und die Einrichtung eines weiteren Behindertenparkplatzes in der Dorfmitte. Zudem halten wir eine Ladestation f\u00fcr E-Autos in der Dorfmitte f\u00fcr sinnvoll.<\/p>\n\n\n\n<h2 class=\"wp-block-heading\">Kernstadt<\/h2>\n\n\n\n<p>Die Hofheimer Gr\u00fcnen setzen sich ein f\u00fcr:<\/p>\n\n\n\n<ul class=\"wp-block-list\">\n<li>Ma\u00dfnahmen zur Verbesserung der Aufenthaltsqualit\u00e4t und der Sicherheit der Fu\u00dfg\u00e4nger insbesondere in der Hofheimer Altstadt sowie die Fortf\u00fchrung der Fu\u00dfg\u00e4ngerzone in Richtung Alte Bleiche<\/li>\n\n\n\n<li>weitere B\u00fcrgerbeteiligung im Hinblick auf die Bebauung auf dem Gel\u00e4nde der ehemaligen Stadtb\u00fccherei unter Ber\u00fccksichtigung sozialer und \u00f6kologischer Aspekte und eine Aufwertung des kompletten Bereichs zwischen Hof Ehry, Wasserschloss, Stadtmuseum, neuer Stadtb\u00fccherei und Chinon Center unter dringender Einplanung von B\u00e4umen, Schattenpl\u00e4tzen und B\u00e4nken<\/li>\n\n\n\n<li>die Neuausrichtung der Planungen zum Busbahnhof im Hinblick auf Sicherheit der Fahrg\u00e4ste, Barrierefreiheit und weitestgehende<\/li>\n\n\n\n<li>Erhaltung des Baumbestands, Verlegung von Pausenaufenthalten und Bussen in Parkposition<\/li>\n<\/ul>\n\n\n\n<h2 class=\"wp-block-heading\">Langenhain<\/h2>\n\n\n\n<p>Die Gr\u00fcnen setzen sich ein f\u00fcr den Erhalt des \u201cGr\u00fcnen Dorfes\u201d mit hohem Naherholungswert und der Kulturlandschaft Streuobstwiesen:<\/p>\n\n\n\n<ul class=\"wp-block-list\">\n<li>sichere, alltagstaugliche Radwege zu unseren Nachbarorten, gezielte Verkehrsberuhigung (weniger Durchgangsverkehr, reduziertes Tempo), einen gest\u00e4rkten barrierefreien \u00d6PNV mit besseren Verbindungen in andere Ortsteile und zu den S-Bahn-Anschl\u00fcssen<\/li>\n\n\n\n<li>die F\u00f6rderung des Kulturangebotes f\u00fcr alle Altersklassen: Freiluftkino, Musikprogramme, Lesungen und andere Veranstaltungen im Ort, moderne Begegnungs- und Austauschm\u00f6glichkeiten (mehr Gr\u00fcn, Sitzm\u00f6glichkeiten, Trinkbrunnen, Spielger\u00e4te)<\/li>\n\n\n\n<li>beim geplanten Lebensmittelmarkt am Ortseingang: Begr\u00fcnung, m\u00f6glichst wenig versiegelte Parkfl\u00e4chen, Solaranlage, E-Ladestationen und einen 24\/7-Bereich nach dem bew\u00e4hrten Prinzip der bestehenden Nahkauf-Box<\/li>\n<\/ul>\n\n\n\n<h2 class=\"wp-block-heading\">Lorsbach<\/h2>\n\n\n\n<p>Die Gr\u00fcnen im Talgrund des Schwarzbachs setzen sich ein f\u00fcr:<\/p>\n\n\n\n<ul class=\"wp-block-list\">\n<li>eine Verbesserung der Verkehrssituation insbesondere f\u00fcr Fu\u00dfg\u00e4nger, Kinder und Mobilit\u00e4teingeschr\u00e4nkte Menschen, vor allem in Alt-Lorsbach und im Bereich der Schwarzbachbr\u00fccke, Tempo 30 im gesamten Ortsbereich und die Verwirklichung eines durchg\u00e4ngigen Fahrradwegs von Eppstein nach Hofheim<\/li>\n\n\n\n<li>die Schaffung eines Gemeindezentrums mit Treffpunktqualit\u00e4t (barrierefrei)<\/li>\n\n\n\n<li>die Entsiegelung und Begr\u00fcnung von Fl\u00e4chen im Ortsgebiet, wo dies m\u00f6glich ist, und einen \u00f6ffentlichen Trinkwasserbrunnen<\/li>\n<\/ul>\n\n\n\n<h2 class=\"wp-block-heading\">Marxheim<\/h2>\n\n\n\n<p>Die Gr\u00fcnen in Hofheims zweitgr\u00f6\u00dftem Stadtteil setzen sich ein f\u00fcr:<\/p>\n\n\n\n<ul class=\"wp-block-list\">\n<li>den gr\u00f6\u00dftm\u00f6glichen Erhalt der wertvollen B\u00f6den in Marxheim f\u00fcr die Landwirtschaft, die uns mit regionalen Lebensmitteln versorgt<\/li>\n\n\n\n<li>eine erhebliche Verkleinerung der Planung des Projektes \u201eMarxheim II \/ R\u00f6merwiesen\u201c, das wir nach wie vor mit gro\u00dfer Skepsis sehen. Aufgrund mehrerer gr\u00f6\u00dferer Vorhaben im Bereich Wohnbebauung, die in absehbarer Zeit in Hofheim verwirklicht werden, ist die Notwendigkeit zu pr\u00fcfen und das Projekt abschnittsweise zu entwickeln.<\/li>\n\n\n\n<li>die geplante Fu\u00df- und Radbr\u00fccke als sichere Verbindung zwischen Marxheim und der Kernstadt sowie<\/li>\n\n\n\n<li>durchg\u00e4ngig Tempo 30 auf der Rheingaustra\u00dfe<\/li>\n<\/ul>\n\n\n\n<h2 class=\"wp-block-heading\">Wallau<\/h2>\n\n\n\n<p>Die Gr\u00fcnen in Wallau setzen sich ein f\u00fcr:<\/p>\n\n\n\n<ul class=\"wp-block-list\">\n<li>die Bebauung des Gel\u00e4ndes der ehemaligen L\u00e4ndcheshalle unter Ber\u00fccksichtigung der Ergebnisse der beiden B\u00fcrger-Workshops.<br>Absolute Priorit\u00e4t hat das geplante Gesundheitszentrum\/\u00c4rztehaus zur Sicherung der medizinischen Versorgung in Wallau.<\/li>\n\n\n\n<li>eine Belebung des Ortskerns und des Recepturhofs als Ort der Begegnung mit hoher Aufenthaltsqualit\u00e4t f\u00fcr Jung und Alt, die Unterst\u00fctzung der Ansiedlung von Gesch\u00e4ften, Dienstleistungsbetrieben und Gastronomie durch geeignete Ma\u00dfnahmen der Wirtschaftsf\u00f6rderung<\/li>\n\n\n\n<li>den Erhalt und weiteren Ausbau der Busanbindung des Ortes selbst, auch hinsichtlich der Verbindungen in die Nachbarst\u00e4dte Hochheim und Fl\u00f6rsheim, zus\u00e4tzlich zur geplanten Busanbindung des entstehenden DB-Haltepunkts Wallau\/Delkenheim<\/li>\n<\/ul>\n\n\n\n<h2 class=\"wp-block-heading\">Wildsachsen<\/h2>\n\n\n\n<p>In dem am weitesten von der Kernstadt entfernt gelegenen Ortsteil setzen wir uns ein f\u00fcr:<\/p>\n\n\n\n<ul class=\"wp-block-list\">\n<li>eine Verbesserung der hochbelasteten und gef\u00e4hrlichen Ortsdurchfahrt, wof\u00fcr insbesondere Hessen Mobil als zust\u00e4ndiger Baulasttr\u00e4ger in die Pflicht genommen werden muss<\/li>\n\n\n\n<li>die Umgestaltung des Bornplatzes unter Einbeziehung des von der Stadt erworbenen Mester-Gel\u00e4ndes<\/li>\n\n\n\n<li>den Neubau der Feuerwache in Wildsachsen seriell und analog zur Feuerwehr in Langenhain<\/li>\n<\/ul>\n\n\n","protected":false},"excerpt":{"rendered":"<p>Diedenbergen Wir treten in Diedenbergen an, um als Gr\u00fcne im Ortsbeirat nach f\u00fcnf Jahren Unterbrechung wieder vertreten zu sein. F\u00fcr den kleinen Dorfplatz, der an der Kirche eingerichtet wurde, w\u00fcnschen [&hellip;]<\/p>\n","protected":false},"author":1,"featured_media":0,"parent":0,"menu_order":0,"comment_status":"closed","ping_status":"closed","template":"","meta":{"footnotes":""},"class_list":["post-3265","page","type-page","status-publish","hentry"],"_links":{"self":[{"href":"https:\/\/gruene-hofheim.de\/index.php?rest_route=\/wp\/v2\/pages\/3265","targetHints":{"allow":["GET"]}}],"collection":[{"href":"https:\/\/gruene-hofheim.de\/index.php?rest_route=\/wp\/v2\/pages"}],"about":[{"href":"https:\/\/gruene-hofheim.de\/index.php?rest_route=\/wp\/v2\/types\/page"}],"author":[{"embeddable":true,"href":"https:\/\/gruene-hofheim.de\/index.php?rest_route=\/wp\/v2\/users\/1"}],"replies":[{"embeddable":true,"href":"https:\/\/gruene-hofheim.de\/index.php?rest_route=%2Fwp%2Fv2%2Fcomments&post=3265"}],"version-history":[{"count":1,"href":"https:\/\/gruene-hofheim.de\/index.php?rest_route=\/wp\/v2\/pages\/3265\/revisions"}],"predecessor-version":[{"id":3266,"href":"https:\/\/gruene-hofheim.de\/index.php?rest_route=\/wp\/v2\/pages\/3265\/revisions\/3266"}],"wp:attachment":[{"href":"https:\/\/gruene-hofheim.de\/index.php?rest_route=%2Fwp%2Fv2%2Fmedia&parent=3265"}],"curies":[{"name":"wp","href":"https:\/\/api.w.org\/{rel}","templated":true}]}}